{"id":4100,"date":"2020-07-08T18:23:36","date_gmt":"2020-07-08T16:23:36","guid":{"rendered":"https:\/\/enigest.com\/?page_id=4100"},"modified":"2020-07-09T13:26:49","modified_gmt":"2020-07-09T11:26:49","slug":"enigreen","status":"publish","type":"page","link":"https:\/\/enigest.com\/ca\/enigreen\/","title":{"rendered":"enigreen"},"content":{"rendered":"<div  class=\"tatsu-fof74fh8tref5004 tatsu-section  tatsu-bg-overlay   tatsu-clearfix\" data-title=\"\"  data-headerscheme=\"background--dark\"><div class='tatsu-section-pad clearfix' data-padding='{\"d\":\"175px 0px 175px 0px\"}' data-padding-top='175px'><div class=\"tatsu-row-wrap  tatsu-wrap tatsu-row-one-col tatsu-row-has-one-cols tatsu-medium-gutter tatsu-reg-cols  tatsu-clearfix tatsu-fof74fh8uh66clof\" ><div  class=\"tatsu-row \" ><div  class=\"tatsu-column  tatsu-column-no-bg tatsu-one-col tatsu-column-image-none tatsu-column-effect-none header-content tatsu-fof74fh8uscsfzy3\"  data-parallax-speed=\"0\" style=\"\"><div class=\"tatsu-column-inner \" ><div class=\"tatsu-column-pad-wrap\"><div class=\"tatsu-column-pad\" ><div  class=\"tatsu-module tatsu-inline-text clearfix tatsu-fof74fh8vebqztaq   \" ><style>.tatsu-fof74fh8vebqztaq .tatsu-inline-text-inner{width: 100%;text-align: left;}.tatsu-fof74fh8vebqztaq.tatsu-inline-text{margin: 0px 0px 20px 0px ;}<\/style><div class=\"tatsu-inline-text-inner tatsu-align-center\">\n<p><span style=\"color: #ffffff; font-size: 25px;\">Solucions d&#8217;enginyeria sostenibles<\/span><\/p>\n<\/div><\/div><div  class=\"tatsu-module tatsu-inline-text clearfix tatsu-fof74fh8yhg4t4nu   \" ><style>.tatsu-fof74fh8yhg4t4nu .tatsu-inline-text-inner{width: 100%;text-align: left;}<\/style><div class=\"tatsu-inline-text-inner tatsu-align-center\">\n<h1><span style=\"color: #ffffff;\">eni<span style=\"color: #058618;\">green<\/span><\/span><\/h1>\n<\/div><\/div><\/div><\/div><div class = \"tatsu-column-bg-image-wrap\"><div class = \"tatsu-column-bg-image\" ><\/div><\/div><\/div><style>.tatsu-row > .tatsu-fof74fh8uscsfzy3.tatsu-column{width: 100%;}.tatsu-fof74fh8uscsfzy3.tatsu-column > .tatsu-column-inner > .tatsu-column-overlay{mix-blend-mode: none;}.tatsu-fof74fh8uscsfzy3 > .tatsu-column-inner > .tatsu-top-divider{z-index: 9999;}.tatsu-fof74fh8uscsfzy3 > .tatsu-column-inner > .tatsu-bottom-divider{z-index: 9999;}.tatsu-fof74fh8uscsfzy3 > .tatsu-column-inner > .tatsu-left-divider{z-index: 9999;}.tatsu-fof74fh8uscsfzy3 > .tatsu-column-inner > .tatsu-right-divider{z-index: 9999;}<\/style><\/div><\/div><\/div><\/div><div class=\"tatsu-section-background-wrap\"><div class = \"tatsu-section-background\" ><\/div><\/div><div class=\"tatsu-overlay tatsu-section-overlay\"><\/div><style>.tatsu-fof74fh8tref5004 .tatsu-section-background{background-image: url(https:\/\/enigest.com\/wp-content\/uploads\/2020\/07\/wind-5324144_1920-1.jpg);background-repeat: no-repeat;background-attachment: scroll;background-position: center left;background-size: initial;}.tatsu-fof74fh8tref5004 .tatsu-bg-blur{background-repeat: no-repeat;background-attachment: scroll;background-position: center left;background-size: initial;}.tatsu-fof74fh8tref5004 .tatsu-section-pad{padding: 175px 0px 175px 0px;}.tatsu-fof74fh8tref5004 .tatsu-section-offset-wrap{transform: translateY(-0px);}.tatsu-fof74fh8tref5004 > .tatsu-bottom-divider{z-index: 9999;}.tatsu-fof74fh8tref5004 > .tatsu-top-divider{z-index: 9999;}.tatsu-fof74fh8tref5004 .tatsu-section-overlay{mix-blend-mode: normal;}<\/style><\/div><div  class=\"tatsu-fof74fh93ed0jcqf tatsu-section    tatsu-clearfix\" data-title=\"\"  data-headerscheme=\"background--dark\"><div class='tatsu-section-pad clearfix' data-padding='{\"d\":\"130px 0px 130px 0px\",\"m\":\"75px 0px 75px 0px\",\"t\":\"100px 0px 100px 0px\"}' data-padding-top='75px'><div class=\"tatsu-row-wrap  tatsu-wrap tatsu-row-one-col tatsu-row-has-one-cols tatsu-medium-gutter tatsu-reg-cols  tatsu-clearfix tatsu-fof74fh93x2yxpn4\" ><style>.tatsu-fof74fh93x2yxpn4.tatsu-row-wrap > .tatsu-row{padding: 50px 0px 50px 0px;}<\/style><div  class=\"tatsu-row \" ><div  class=\"tatsu-column  tatsu-column-no-bg tatsu-one-col tatsu-animate tatsu-column-image-none tatsu-column-effect-none  tatsu-fof74fh9481a1t3j\" data-animation=\"fadeIn\"   data-parallax-speed=\"0\" style=\"\"><div class=\"tatsu-column-inner \" ><div class=\"tatsu-column-pad-wrap\"><div class=\"tatsu-column-pad\" ><div  class=\"tatsu-module tatsu-inline-text clearfix tatsu-n-_h9hQsc   tatsu-animate\" data-animation=\"fadeIn\"  ><style>.tatsu-n-_h9hQsc .tatsu-inline-text-inner{width: 100%;text-align: left;}.tatsu-n-_h9hQsc.tatsu-inline-text .tatsu-inline-text-inner *{font-weight : 400;text-transform : none;}<\/style><div class=\"tatsu-inline-text-inner tatsu-align-center\">\n<p style=\"text-align: center;\"><span style=\"font-size: 30px; line-height: 40px;\">La sostenibilitat no \u00e9s una restricci\u00f3 del disseny, sin\u00f3 una oportunitat per generar solucions innovadores<\/span><\/p>\n<\/div><\/div><\/div><\/div><div class = \"tatsu-column-bg-image-wrap\"><div class = \"tatsu-column-bg-image\" ><\/div><\/div><\/div><style>.tatsu-row > .tatsu-fof74fh9481a1t3j.tatsu-column{width: 100%;}.tatsu-fof74fh9481a1t3j.tatsu-column{margin: 0px 0px 35px 0px  !important;}.tatsu-fof74fh9481a1t3j.tatsu-column > .tatsu-column-inner > .tatsu-column-overlay{mix-blend-mode: none;}.tatsu-fof74fh9481a1t3j > .tatsu-column-inner > .tatsu-top-divider{z-index: 9999;}.tatsu-fof74fh9481a1t3j > .tatsu-column-inner > .tatsu-bottom-divider{z-index: 9999;}.tatsu-fof74fh9481a1t3j > .tatsu-column-inner > .tatsu-left-divider{z-index: 9999;}.tatsu-fof74fh9481a1t3j > .tatsu-column-inner > .tatsu-right-divider{z-index: 9999;}@media only screen and (max-width:1377px) {.tatsu-row > .tatsu-fof74fh9481a1t3j.tatsu-column{width: 100%;}}@media only screen and (min-width:768px) and (max-width: 1024px) {.tatsu-row > .tatsu-fof74fh9481a1t3j.tatsu-column{width: 100%;}}@media only screen and (max-width: 767px) {.tatsu-row > .tatsu-fof74fh9481a1t3j.tatsu-column{width: 100%;}}<\/style><\/div><\/div><\/div><div class=\"tatsu-row-wrap  tatsu-wrap tatsu-row-has-one-half tatsu-row-has-two-cols tatsu-large-gutter tatsu-reg-cols  tatsu-clearfix tatsu-fof74fh98399n4f5\" ><div  class=\"tatsu-row \" ><div  class=\"tatsu-column  tatsu-column-no-bg tatsu-one-half tatsu-column-image-none tatsu-column-effect-none  tatsu-fof74fh98d6ck2s9\"  data-parallax-speed=\"0\" style=\"\"><div class=\"tatsu-column-inner \" ><div class=\"tatsu-column-pad-wrap\"><div class=\"tatsu-column-pad\" ><div  class=\"tatsu-module tatsu-inline-text clearfix tatsu-fof74fh98x8pgxg7   tatsu-animate\" data-animation=\"fadeIn\"  ><style>.tatsu-fof74fh98x8pgxg7 .tatsu-inline-text-inner{width: 100%;text-align: left;}<\/style><div class=\"tatsu-inline-text-inner tatsu-align-center\">\n<p><span style=\"color: #000000; font-family: Aeonik-Medium, 'Helvetica Neue', sans-serif; font-size: 19px; background-color: #ffffff;\">Qu\u00e8 \u00e9s eni<span style=\"color: #058618;\">green<\/span>?<\/span><\/p>\n<p><span style=\"color: #000000;\"><span style=\"color: #000000;\">\u00c9s la nostra visi\u00f3<span style=\"color: #000000;\">\u00a0d<\/span>e la enginyeria que contempla en tot moment els beneficis potencials i els problemes en termes de medi ambient, economia i societat a trav\u00e9s del cicle de vida del disseny, en l\u00ednia amb les recents iniciatives de la Uni\u00f3 Europea<\/span><\/span><\/p>\n<h6><span style=\"color: #000000;\"><span style=\"font-size: 19px;\">Objectius<\/span><\/span><\/h6>\n<p><span style=\"color: #000000;\">Perseguim la minimitzaci\u00f3 dels impactes adversos i la maximitzaci\u00f3 dels beneficis mitjan\u00e7ant la implementaci\u00f3 de solucions d&#8217;enginyeria sostenibles<\/span><\/p>\n<\/div><\/div><\/div><\/div><div class = \"tatsu-column-bg-image-wrap\"><div class = \"tatsu-column-bg-image\" ><\/div><\/div><\/div><style>.tatsu-row > .tatsu-fof74fh98d6ck2s9.tatsu-column{width: 50%;}.tatsu-fof74fh98d6ck2s9.tatsu-column{margin: 0px 0px 35px 0px  !important;}.tatsu-fof74fh98d6ck2s9.tatsu-column > .tatsu-column-inner > .tatsu-column-overlay{mix-blend-mode: none;}.tatsu-fof74fh98d6ck2s9 > .tatsu-column-inner > .tatsu-top-divider{z-index: 9999;}.tatsu-fof74fh98d6ck2s9 > .tatsu-column-inner > .tatsu-bottom-divider{z-index: 9999;}.tatsu-fof74fh98d6ck2s9 > .tatsu-column-inner > .tatsu-left-divider{z-index: 9999;}.tatsu-fof74fh98d6ck2s9 > .tatsu-column-inner > .tatsu-right-divider{z-index: 9999;}@media only screen and (max-width: 767px) {.tatsu-row > .tatsu-fof74fh98d6ck2s9.tatsu-column{width: 100%;}}<\/style><\/div><div  class=\"tatsu-column  tatsu-column-no-bg tatsu-one-half tatsu-column-image-none tatsu-column-effect-none noMargin tatsu-fof74fh9be8jx3o0\"  data-parallax-speed=\"0\" style=\"\"><div class=\"tatsu-column-inner \" ><div class=\"tatsu-column-pad-wrap\"><div class=\"tatsu-column-pad\" ><div  class=\"tatsu-module tatsu-inline-text clearfix tatsu-fof74fh9c07p1b0f   tatsu-animate\" data-animation=\"fadeIn\"  ><style>.tatsu-fof74fh9c07p1b0f .tatsu-inline-text-inner{width: 100%;text-align: left;}@media only screen and (max-width: 767px) {.tatsu-fof74fh9c07p1b0f.tatsu-inline-text{margin: 0px 0px 0px 0px;}}<\/style><div class=\"tatsu-inline-text-inner tatsu-align-center\">\n<h6><span style=\"font-size: 19px;\"><span style=\"color: #000000;\">Descobreix els beneficis<\/span><\/span><\/h6>\n<p><span style=\"font-size: 19px;\"><span style=\"color: #000000;\"><span style=\"font-family: Aeonik-Regular, 'Helvetica Neue', sans-serif; font-size: 19px; background-color: #ffffff;\">Com a l\u00edders en enginyeria verda, Enigest t&#8217;ajudar\u00e0 a treure el m\u00e0xim profit dels beneficis dels dissenys sostenibles\u00a0<\/span><\/span><\/span><\/p>\n<ul>\n<li><span style=\"color: #000000;\">Minimitzaci\u00f3 de la generaci\u00f3 de contaminaci\u00f3 a origen<\/span><\/li>\n<li><span style=\"color: #000000;\">Reducci\u00f3 o eliminaci\u00f3 dels residus<\/span><\/li>\n<li><span style=\"color: #000000;\">Minimitzaci\u00f3 de l&#8217;impacte ambiental negatiu<\/span><\/li>\n<li><span style=\"color: #000000;\">Millor qualitat de vida per totes les esp\u00e8cies<\/span><\/li>\n<li><span style=\"color: #000000;\">Protecci\u00f3 i restauraci\u00f3 dels sistemes naturals<\/span><\/li>\n<li><span style=\"color: #000000;\">Creixement i competitivitat econ\u00f2mics<\/span><\/li>\n<\/ul>\n<\/div><\/div><\/div><\/div><div class = \"tatsu-column-bg-image-wrap\"><div class = \"tatsu-column-bg-image\" ><\/div><\/div><\/div><style>.tatsu-row > .tatsu-fof74fh9be8jx3o0.tatsu-column{width: 50%;}.tatsu-fof74fh9be8jx3o0.tatsu-column{margin: 0px 0px 35px 0px  !important;}.tatsu-fof74fh9be8jx3o0.tatsu-column > .tatsu-column-inner > .tatsu-column-overlay{mix-blend-mode: none;}.tatsu-fof74fh9be8jx3o0 > .tatsu-column-inner > .tatsu-top-divider{z-index: 9999;}.tatsu-fof74fh9be8jx3o0 > .tatsu-column-inner > .tatsu-bottom-divider{z-index: 9999;}.tatsu-fof74fh9be8jx3o0 > .tatsu-column-inner > .tatsu-left-divider{z-index: 9999;}.tatsu-fof74fh9be8jx3o0 > .tatsu-column-inner > .tatsu-right-divider{z-index: 9999;}@media only screen and (max-width: 767px) {.tatsu-row > .tatsu-fof74fh9be8jx3o0.tatsu-column{width: 100%;}.tatsu-fof74fh9be8jx3o0.tatsu-column{margin: 0px 0px 0px 0px !important;}}<\/style><\/div><\/div><\/div><\/div><div class=\"tatsu-section-background-wrap\"><div class = \"tatsu-section-background\" ><\/div><\/div><style>.tatsu-fof74fh93ed0jcqf.tatsu-section{background-color: rgba(255,255,255,1);}.tatsu-fof74fh93ed0jcqf .tatsu-section-pad{padding: 130px 0px 130px 0px;}.tatsu-fof74fh93ed0jcqf > .tatsu-bottom-divider{z-index: 9999;}.tatsu-fof74fh93ed0jcqf > .tatsu-top-divider{z-index: 9999;}@media only screen and (min-width:768px) and (max-width: 1024px) {.tatsu-fof74fh93ed0jcqf .tatsu-section-pad{padding: 100px 0px 100px 0px;}}@media only screen and (max-width: 767px) {.tatsu-fof74fh93ed0jcqf .tatsu-section-pad{padding: 75px 0px 75px 0px;}}<\/style><\/div><div  class=\"tatsu-fof74fh9hv3e41tp tatsu-section  fullscreen  tatsu-clearfix\" data-title=\"\"  data-headerscheme=\"background--dark\"><div class='tatsu-section-pad clearfix' data-padding='{\"d\":\"0px 0px 0px 0px \"}' data-padding-top='0px'><div class=\"tatsu-row-wrap  tatsu-row-full-width tatsu-row-has-one-half tatsu-row-has-two-cols tatsu-no-gutter tatsu-eq-cols tatsu-fullscreen-cols  tatsu-clearfix tatsu-fof74fh9ic17vj5x\" ><div  class=\"tatsu-row \" ><div  class=\"tatsu-column  tatsu-column-empty tatsu-one-half tatsu-column-image-none tatsu-column-effect-none  tatsu-fof74fh9ipc86qkj\"  data-parallax-speed=\"0\" style=\"\"><div class=\"tatsu-column-inner \" ><div class=\"tatsu-column-pad-wrap\"><div class=\"tatsu-column-pad\" ><\/div><\/div><div class = \"tatsu-column-bg-image-wrap\"><div class = \"tatsu-column-bg-image\" ><\/div><\/div><\/div><style>.tatsu-row > .tatsu-fof74fh9ipc86qkj.tatsu-column{width: 50%;}.tatsu-fof74fh9ipc86qkj.tatsu-column > .tatsu-column-inner > .tatsu-column-bg-image-wrap > .tatsu-column-bg-image{background-image: url(https:\/\/enigest.com\/wp-content\/uploads\/2020\/07\/markus-spiske-GnxktpZHjcM-unsplash-scaled.jpg);background-repeat: no-repeat;background-attachment: scroll;background-position: center center;background-size: cover;}.tatsu-fof74fh9ipc86qkj.tatsu-column > .tatsu-column-inner > .tatsu-bg-blur{background-repeat: no-repeat;background-attachment: scroll;background-position: center center;background-size: cover;}.tatsu-fof74fh9ipc86qkj.tatsu-column > .tatsu-column-inner > .tatsu-column-overlay{mix-blend-mode: none;}.tatsu-fof74fh9ipc86qkj > .tatsu-column-inner > .tatsu-top-divider{z-index: 9999;}.tatsu-fof74fh9ipc86qkj > .tatsu-column-inner > .tatsu-bottom-divider{z-index: 9999;}.tatsu-fof74fh9ipc86qkj > .tatsu-column-inner > .tatsu-left-divider{z-index: 9999;}.tatsu-fof74fh9ipc86qkj > .tatsu-column-inner > .tatsu-right-divider{z-index: 9999;}@media only screen and (max-width: 767px) {.tatsu-row > .tatsu-fof74fh9ipc86qkj.tatsu-column{width: 100%;}}<\/style><\/div><div  class=\"tatsu-column  tatsu-one-half tatsu-column-align-middle tatsu-column-image-none tatsu-column-effect-none bluerow tatsu-fof74fh9jm7vetnn\"  data-parallax-speed=\"0\" style=\"\"><div class=\"tatsu-column-inner \" ><div class=\"tatsu-column-pad-wrap\"><div class=\"tatsu-column-pad\" ><div  class=\"tatsu-module tatsu-inline-text clearfix tatsu-fof74fh9k5cir6io   tatsu-animate\" data-animation=\"fadeIn\"  ><style>.tatsu-fof74fh9k5cir6io .tatsu-inline-text-inner{width: 100%;text-align: left;}<\/style><div class=\"tatsu-inline-text-inner \">\n<h4><span style=\"font-size: 30px; color: #ffffff;\">Els nostres principis<\/span><\/h4>\n<p><span style=\"color: #ffffff;\">La nostra firma est\u00e0 lligada a una s\u00e8rie de principis, entesos com unes bones pr\u00e0ctiques, que s\u00f3n la base d&#8217;enigreen, els quals implementem en tots i cadascun dels projectes i serveis que desenvolupem, en qualsevol dels nostres \u00e0mbits de treball.<\/span><\/p>\n<ul>\n<li><span style=\"color: #ffffff;\">Entrades i sortides de mat\u00e8ria i energia el m\u00e9s inherentment inn\u00f2cues possible<\/span><\/li>\n<li><span style=\"color: #ffffff;\">M\u00e0xima reducci\u00f3 de la contaminaci\u00f3 i dels residus a tractar<\/span><\/li>\n<li><span style=\"color: #ffffff;\">Processos de tractament de residus el m\u00e9s eficients possible<\/span><\/li>\n<li><span style=\"color: #ffffff;\">Obres i processos constructius dissenyats per la maximitzaci\u00f3 de la efici\u00e8ncia en l&#8217;\u00fas de la mat\u00e8ria, l&#8217;energia, l&#8217;espai i el temps<\/span><\/li>\n<li><span style=\"color: #ffffff;\">Equilibri de complexitat: l&#8217;entropia i la complexitat intr\u00ednseques dels processos \u00e9s vista com una inversi\u00f3 a l&#8217;hora d&#8217;estudiar les alternatives de reciclatge, reutilitzaci\u00f3 o rebuig<\/span><\/li>\n<li><span style=\"color: #ffffff;\">Dissenys durables, per no immortals<\/span><\/li>\n<li><span style=\"color: #ffffff;\">Dissenys \u00f2ptims per la satisfacci\u00f3 de les necessitats, sense excessos<\/span><\/li>\n<li><span style=\"color: #ffffff;\">Minimitzaci\u00f3 de la diversitat de materials utilitzats<\/span><\/li>\n<li><span style=\"color: #ffffff;\">Dissenys que incloguin la relaci\u00f3 de fluxos de mat\u00e8ria i energia disponibles prioritzant els cicles tancats<\/span><\/li>\n<li><span style=\"color: #ffffff;\">Atenci\u00f3 al futur de la infraestructura una vegada finalitzat el seu cicle de vida, promovent la seva reconversi\u00f3, reutilitzaci\u00f3 o reciclatge<\/span><\/li>\n<li><span style=\"color: #ffffff;\">Utilitzaci\u00f3 d&#8217;entrades d&#8217;energia i materials renovables i disponibles durant tot el cicle de vida de la infraestructura<\/span><\/li>\n<\/ul>\n<\/div><\/div><\/div><\/div><div class = \"tatsu-column-bg-image-wrap\"><div class = \"tatsu-column-bg-image\" ><\/div><\/div><\/div><style>.tatsu-row > .tatsu-fof74fh9jm7vetnn.tatsu-column{width: 50%;}.tatsu-fof74fh9jm7vetnn.tatsu-column > .tatsu-column-inner{background-color: rgba(5,134,24,1);}.tatsu-fof74fh9jm7vetnn.tatsu-column > .tatsu-column-inner > .tatsu-column-pad-wrap > .tatsu-column-pad{padding: 50px 20% 50px 20% ;}.tatsu-fof74fh9jm7vetnn.tatsu-column > .tatsu-column-inner > .tatsu-column-overlay{mix-blend-mode: none;}.tatsu-fof74fh9jm7vetnn > .tatsu-column-inner > .tatsu-top-divider{z-index: 9999;}.tatsu-fof74fh9jm7vetnn > .tatsu-column-inner > .tatsu-bottom-divider{z-index: 9999;}.tatsu-fof74fh9jm7vetnn > .tatsu-column-inner > .tatsu-left-divider{z-index: 9999;}.tatsu-fof74fh9jm7vetnn > .tatsu-column-inner > .tatsu-right-divider{z-index: 9999;}@media only screen and (max-width: 767px) {.tatsu-row > .tatsu-fof74fh9jm7vetnn.tatsu-column{width: 100%;}.tatsu-fof74fh9jm7vetnn.tatsu-column > .tatsu-column-inner > .tatsu-column-pad-wrap > .tatsu-column-pad{padding: 50px 10% 50px 10%;}}<\/style><\/div><\/div><\/div><\/div><div class=\"tatsu-section-background-wrap\"><div class = \"tatsu-section-background\" ><\/div><\/div><style>.tatsu-fof74fh9hv3e41tp > .tatsu-bottom-divider{z-index: 9999;}.tatsu-fof74fh9hv3e41tp > .tatsu-top-divider{z-index: 9999;}<\/style><\/div><div  class=\"tatsu-Hy_k6YJiV tatsu-section  fullscreen  tatsu-clearfix\" data-title=\"\"  data-headerscheme=\"background--dark\"><div class='tatsu-section-pad clearfix' data-padding='{\"d\":\"0px 0px 0px 0px \"}' data-padding-top='0px'><div class=\"tatsu-row-wrap  tatsu-row-full-width tatsu-row-has-one-half tatsu-row-has-two-cols tatsu-no-gutter tatsu-eq-cols tatsu-fullscreen-cols  tatsu-clearfix tatsu-SJxOy6YyoN\" ><div  class=\"tatsu-row .par-row\" ><div  class=\"tatsu-column  tatsu-one-half tatsu-column-align-middle tatsu-column-image-none tatsu-column-effect-none  tatsu-SJzdkpFyoV\"  data-parallax-speed=\"0\" style=\"\"><div class=\"tatsu-column-inner \" ><div class=\"tatsu-column-pad-wrap\"><div class=\"tatsu-column-pad\" ><div  class=\"tatsu-module tatsu-inline-text clearfix tatsu-BJmOk6YksN   tatsu-animate\" data-animation=\"fadeIn\"  ><style>.tatsu-BJmOk6YksN .tatsu-inline-text-inner{width: 100%;text-align: left;}<\/style><div class=\"tatsu-inline-text-inner \">\n<h4><span style=\"font-size: 30px; color: #000000;\">Serveis eni<span style=\"color: #058618;\">green<\/span><\/span><\/h4>\n<p><span style=\"color: #000000;\">Tot i que la filosofia enigreen est&agrave; lligada a tots els aspectes de la nostra firma, tenim amplia experi&egrave;ncia en el desenvolupament de diferents treballs relacionats de forma m&eacute;s espec&iacute;fica amb el medi ambient<\/span><\/p>\n<ul>\n<li><span style=\"color: #000000;\">Estudis de fauna i vegetaci&oacute;<\/span><\/li>\n<li><span style=\"color: #000000;\">Estudis de connectivitat faun&iacute;stica<\/span><\/li>\n<li><span style=\"color: #000000;\">Projectes de restauraci&oacute; ambiental<\/span><\/li>\n<li><span style=\"color: #000000;\">Estudis d&#8217;impacte i integraci&oacute; paisatg&iacute;stica<\/span><\/li>\n<li><span style=\"color: #000000;\">Avaluacions ambientals<\/span><\/li>\n<li><span style=\"color: #000000;\">Informes ambientals urban&iacute;stics<\/span><\/li>\n<li><span style=\"color: #000000;\">Estudis d&#8217;impacte ambiental de plans i projectes<\/span><\/li>\n<li><span style=\"color: #000000;\">Direcci&oacute; ambiental de les obres<\/span><\/li>\n<li><span style=\"color: #000000;\">Gesti&oacute; i planificaci&oacute; del medi natural<\/span><\/li>\n<li><span style=\"color: #000000;\">Cartografia ambiental i sistemes d&#8217;informaci&oacute; geogr&agrave;fica<\/span><\/li>\n<li><span style=\"color: #000000;\">Plans de prevenci&oacute; d&#8217;incendis forestals<\/span><\/li>\n<li><span style=\"color: #000000;\">Disseny de sistemes de tractament de les primeres aig&uuml;es pluvials (amb pres&egrave;ncia d&#8217;hidrocarburs)&nbsp;<\/span><\/li>\n<\/ul>\n<p>&nbsp;<\/p>\n<\/div><\/div><\/div><\/div><div class = \"tatsu-column-bg-image-wrap\"><div class = \"tatsu-column-bg-image\" ><\/div><\/div><\/div><style>.tatsu-row > .tatsu-SJzdkpFyoV.tatsu-column{width: 50%;}.tatsu-SJzdkpFyoV.tatsu-column > .tatsu-column-inner{background-color: rgba(242,242,242,1);}.tatsu-SJzdkpFyoV.tatsu-column > .tatsu-column-inner > .tatsu-column-pad-wrap > .tatsu-column-pad{padding: 50px 20% 50px 20% ;}.tatsu-SJzdkpFyoV.tatsu-column > .tatsu-column-inner > .tatsu-column-overlay{mix-blend-mode: none;}.tatsu-SJzdkpFyoV > .tatsu-column-inner > .tatsu-top-divider{z-index: 9999;}.tatsu-SJzdkpFyoV > .tatsu-column-inner > .tatsu-bottom-divider{z-index: 9999;}.tatsu-SJzdkpFyoV > .tatsu-column-inner > .tatsu-left-divider{z-index: 9999;}.tatsu-SJzdkpFyoV > .tatsu-column-inner > .tatsu-right-divider{z-index: 9999;}@media only screen and (max-width: 767px) {.tatsu-row > .tatsu-SJzdkpFyoV.tatsu-column{width: 100%;}.tatsu-SJzdkpFyoV.tatsu-column > .tatsu-column-inner > .tatsu-column-pad-wrap > .tatsu-column-pad{padding: 50px 10% 50px 10%;}}<\/style><\/div><div  class=\"tatsu-column  tatsu-column-empty tatsu-one-half tatsu-column-image-none tatsu-column-effect-none  tatsu-B1-OkaY1o4\"  data-parallax-speed=\"0\" style=\"\"><div class=\"tatsu-column-inner \" ><div class=\"tatsu-column-pad-wrap\"><div class=\"tatsu-column-pad\" ><\/div><\/div><div class = \"tatsu-column-bg-image-wrap\"><div class = \"tatsu-column-bg-image\" ><\/div><\/div><\/div><style>.tatsu-row > .tatsu-B1-OkaY1o4.tatsu-column{width: 50%;}.tatsu-B1-OkaY1o4.tatsu-column > .tatsu-column-inner > .tatsu-column-bg-image-wrap > .tatsu-column-bg-image{background-image: url(https:\/\/enigest.com\/wp-content\/uploads\/2020\/07\/chaandersoon-3NlcDImS9_0-unsplash-scaled.jpg);background-repeat: no-repeat;background-attachment: scroll;background-position: center center;background-size: cover;}.tatsu-B1-OkaY1o4.tatsu-column > .tatsu-column-inner > .tatsu-bg-blur{background-repeat: no-repeat;background-attachment: scroll;background-position: center center;background-size: cover;}.tatsu-B1-OkaY1o4.tatsu-column > .tatsu-column-inner > .tatsu-column-overlay{mix-blend-mode: none;}.tatsu-B1-OkaY1o4 > .tatsu-column-inner > .tatsu-top-divider{z-index: 9999;}.tatsu-B1-OkaY1o4 > .tatsu-column-inner > .tatsu-bottom-divider{z-index: 9999;}.tatsu-B1-OkaY1o4 > .tatsu-column-inner > .tatsu-left-divider{z-index: 9999;}.tatsu-B1-OkaY1o4 > .tatsu-column-inner > .tatsu-right-divider{z-index: 9999;}@media only screen and (max-width: 767px) {.tatsu-row > .tatsu-B1-OkaY1o4.tatsu-column{width: 100%;}}<\/style><\/div><\/div><\/div><\/div><div class=\"tatsu-section-background-wrap\"><div class = \"tatsu-section-background\" ><\/div><\/div><style>.tatsu-Hy_k6YJiV > .tatsu-bottom-divider{z-index: 9999;}.tatsu-Hy_k6YJiV > .tatsu-top-divider{z-index: 9999;}<\/style><\/div>\n","protected":false},"excerpt":{"rendered":"<p><a href=\"https:\/\/enigest.com\/ca\/enigreen\/\" class=\"more-link style2-button\">Read More<\/a><\/p>","protected":false},"author":3,"featured_media":0,"parent":0,"menu_order":0,"comment_status":"closed","ping_status":"closed","template":"","meta":{"footnotes":""},"class_list":["post-4100","page","type-page","status-publish","hentry"],"_links":{"self":[{"href":"https:\/\/enigest.com\/ca\/wp-json\/wp\/v2\/pages\/4100","targetHints":{"allow":["GET"]}}],"collection":[{"href":"https:\/\/enigest.com\/ca\/wp-json\/wp\/v2\/pages"}],"about":[{"href":"https:\/\/enigest.com\/ca\/wp-json\/wp\/v2\/types\/page"}],"author":[{"embeddable":true,"href":"https:\/\/enigest.com\/ca\/wp-json\/wp\/v2\/users\/3"}],"replies":[{"embeddable":true,"href":"https:\/\/enigest.com\/ca\/wp-json\/wp\/v2\/comments?post=4100"}],"version-history":[{"count":4,"href":"https:\/\/enigest.com\/ca\/wp-json\/wp\/v2\/pages\/4100\/revisions"}],"predecessor-version":[{"id":4144,"href":"https:\/\/enigest.com\/ca\/wp-json\/wp\/v2\/pages\/4100\/revisions\/4144"}],"wp:attachment":[{"href":"https:\/\/enigest.com\/ca\/wp-json\/wp\/v2\/media?parent=4100"}],"curies":[{"name":"wp","href":"https:\/\/api.w.org\/{rel}","templated":true}]}}