{"id":3207,"date":"2017-12-11T10:27:37","date_gmt":"2017-12-11T10:27:37","guid":{"rendered":"http:\/\/dev.alexandrozamora.com\/enigest\/contacto\/"},"modified":"2025-07-02T21:33:57","modified_gmt":"2025-07-02T19:33:57","slug":"contacte","status":"publish","type":"page","link":"https:\/\/enigest.com\/ca\/contacte\/","title":{"rendered":"Contacte"},"content":{"rendered":"<div  class=\"tatsu-fqp8z3b0zr7xzlbm tatsu-section    tatsu-clearfix\" data-title=\"\"  data-headerscheme=\"background--light\"><div class='tatsu-section-pad clearfix' data-padding='{\"d\":\"150px 0% 0px 0%\"}' data-padding-top='150px'><div class=\"tatsu-row-wrap  tatsu-wrap tatsu-row-one-col tatsu-row-has-one-cols tatsu-medium-gutter tatsu-reg-cols  tatsu-clearfix tatsu-fqp8z3b10nafg5j\" ><div  class=\"tatsu-row \" ><div  class=\"tatsu-column  tatsu-column-no-bg tatsu-one-col tatsu-column-image-none tatsu-column-effect-none  tatsu-fqp8z3b1118llzu8\"  data-parallax-speed=\"0\" style=\"\"><div class=\"tatsu-column-inner \" ><div class=\"tatsu-column-pad-wrap\"><div class=\"tatsu-column-pad\" ><div  class=\"tatsu-module tatsu-inline-text clearfix tatsu-fqp8z3b11qeb92l0   \" ><style>.tatsu-fqp8z3b11qeb92l0 .tatsu-inline-text-inner{width: 100%;text-align: left;}<\/style><div class=\"tatsu-inline-text-inner tatsu-align-center\">\n<h1><span style=\"color: #000000;\">Des de Girona, ajudem a construir projectes per tot el m\u00f3n<\/span><\/h1>\n<\/div><\/div><\/div><\/div><div class = \"tatsu-column-bg-image-wrap\"><div class = \"tatsu-column-bg-image\" ><\/div><\/div><\/div><style>.tatsu-row > .tatsu-fqp8z3b1118llzu8.tatsu-column{width: 100%;}.tatsu-fqp8z3b1118llzu8.tatsu-column > .tatsu-column-inner > .tatsu-column-overlay{mix-blend-mode: none;}.tatsu-fqp8z3b1118llzu8 > .tatsu-column-inner > .tatsu-top-divider{z-index: 9999;}.tatsu-fqp8z3b1118llzu8 > .tatsu-column-inner > .tatsu-bottom-divider{z-index: 9999;}.tatsu-fqp8z3b1118llzu8 > .tatsu-column-inner > .tatsu-left-divider{z-index: 9999;}.tatsu-fqp8z3b1118llzu8 > .tatsu-column-inner > .tatsu-right-divider{z-index: 9999;}@media only screen and (max-width:1377px) {.tatsu-row > .tatsu-fqp8z3b1118llzu8.tatsu-column{width: 100%;}}@media only screen and (min-width:768px) and (max-width: 1024px) {.tatsu-row > .tatsu-fqp8z3b1118llzu8.tatsu-column{width: 100%;}}@media only screen and (max-width: 767px) {.tatsu-row > .tatsu-fqp8z3b1118llzu8.tatsu-column{width: 100%;}}<\/style><\/div><\/div><\/div><\/div><div class=\"tatsu-section-background-wrap\"><div class = \"tatsu-section-background\" ><\/div><\/div><style>.tatsu-fqp8z3b0zr7xzlbm.tatsu-section{background-color: rgba(255,255,255,1);}.tatsu-fqp8z3b0zr7xzlbm{border-width: 0px 0px px 0px;border-style: solid;}.tatsu-fqp8z3b0zr7xzlbm .tatsu-section-pad{padding: 150px 0% 0px 0%;}.tatsu-fqp8z3b0zr7xzlbm > .tatsu-bottom-divider{z-index: 9999;}.tatsu-fqp8z3b0zr7xzlbm > .tatsu-top-divider{z-index: 9999;}<\/style><\/div><div  class=\"tatsu-fqp8z3b17heiu40 tatsu-section    tatsu-clearfix\" data-title=\"\"  data-headerscheme=\"background--dark\"><div class='tatsu-section-pad clearfix' data-padding='{\"d\":\"130px 0px 90px 0px\"}' data-padding-top='130px'><div class=\"tatsu-row-wrap  tatsu-wrap tatsu-row-has-one-half tatsu-row-has-two-cols tatsu-medium-gutter tatsu-reg-cols  tatsu-clearfix tatsu-fqp8z3b1801enmwl\" ><div  class=\"tatsu-row \" ><div  class=\"tatsu-column  tatsu-column-no-bg tatsu-one-half tatsu-column-image-none tatsu-column-effect-none  tatsu-fqp8z3b18a964808\"  data-parallax-speed=\"0\" style=\"\"><div class=\"tatsu-column-inner \" ><div class=\"tatsu-column-pad-wrap\"><div class=\"tatsu-column-pad\" ><div  class=\"tatsu-module tatsu-inline-text clearfix tatsu-fqp8z3b18u2bkfkf   \" ><style>.tatsu-fqp8z3b18u2bkfkf .tatsu-inline-text-inner{width: 100%;text-align: left;}.tatsu-fqp8z3b18u2bkfkf.tatsu-inline-text{margin: 0px 0px 15px 0px;}@media only screen and (min-width:768px) and (max-width: 1024px) {.tatsu-fqp8z3b18u2bkfkf.tatsu-inline-text{margin: 0px 50px 15px 0px;}}@media only screen and (max-width: 767px) {.tatsu-fqp8z3b18u2bkfkf.tatsu-inline-text{margin: 0px 20px 15px 0px;}}<\/style><div class=\"tatsu-inline-text-inner tatsu-align-center\">\n<h4><span style=\"color: #000000;\">Comparteix el teu projecte amb nosaltres!<\/span><\/h4>\n<p>Fes-nos qualsevol pregunta. Estarem encantats de poder ajudar-te i buscar la millor soluci&oacute;<\/p>\n<p><span style=\"color: #000000;\">Tel. +34 972 21 56 71<span style=\"font-family: Aeonik-Regular, 'Helvetica Neue', sans-serif; font-size: 19px; background-color: #ffffff;\">&nbsp; &nbsp; &nbsp; &nbsp; &nbsp; &nbsp; &nbsp; &nbsp; &nbsp; &nbsp; &nbsp; &nbsp; &nbsp; &nbsp; &nbsp; &nbsp; &nbsp; &nbsp; &nbsp; &nbsp; &nbsp; &nbsp; &nbsp; &nbsp; &nbsp; &nbsp; &nbsp; &nbsp; &nbsp; &nbsp; &nbsp; &nbsp; &nbsp; &nbsp; &nbsp; &nbsp; &nbsp; &nbsp; <\/span>Horari de contacte: de 9 a 18h<\/span><br \/><span style=\"color: #000000;\">info@enigest.com<\/span><br \/><span style=\"color: #000000;\">Oficina de Girona: C\/ Bonaventura Carreras Peralta n&uacute;m. 5 (17004)<br \/>Oficina de Barcelona: C\/ Pau Clar&iacute;s n&uacute;m. 162 (08037)<\/span><\/p>\n<\/div><\/div><div  class=\"tatsu-single-image tatsu-module align-center tatsu-image-lazyload tatsu-B1h4P166H  \" ><div class=\"tatsu-single-image-inner \" style=\"width : 2167px;\" ><div class = \"tatsu-single-image-padding-wrap\" style = \"padding-bottom : 74.988463313336%;\" ><\/div><img class = \"tatsu-gradient-border\" alt = \"\" title = \"photo-1556761175-4b46a572b786\" data-src = \"https:\/\/enigest.com\/wp-content\/uploads\/2019\/12\/photo-1556761175-4b46a572b786.jpeg\" src =\"data:image\/png;base64,iVBORw0KGgoAAAANSUhEUgAAAAEAAAABCAQAAAC1HAwCAAAAC0lEQVR42mNkYAAAAAYAAjCB0C8AAAAASUVORK5CYII=\"  \/><\/div><style>.tatsu-B1h4P166H .tatsu-single-image-inner{border-style: solid;max-width: 100%;}.tatsu-B1h4P166H.tatsu-single-image{transform: translate3d(0px,0px, 0);}<\/style><\/div><div  class=\"tatsu-single-image tatsu-module align-center tatsu-image-lazyload tatsu-BkSYX8bCH  \" ><div class=\"tatsu-single-image-inner \" style=\"width : 1000px;\" ><div class = \"tatsu-single-image-padding-wrap\" style = \"padding-bottom : 150%;\" ><\/div><img class = \"tatsu-gradient-border\" alt = \"\" title = \"contacto-row\" data-src = \"https:\/\/enigest.com\/wp-content\/uploads\/2019\/04\/contacto-row.jpg\" src =\"data:image\/png;base64,iVBORw0KGgoAAAANSUhEUgAAAAEAAAABCAQAAAC1HAwCAAAAC0lEQVR42mNkYAAAAAYAAjCB0C8AAAAASUVORK5CYII=\"  \/><\/div><style>.tatsu-BkSYX8bCH .tatsu-single-image-inner{border-style: solid;max-width: 100%;}.tatsu-BkSYX8bCH.tatsu-single-image{transform: translate3d(0px,0px, 0);}<\/style><\/div><\/div><\/div><div class = \"tatsu-column-bg-image-wrap\"><div class = \"tatsu-column-bg-image\" ><\/div><\/div><\/div><style>.tatsu-row > .tatsu-fqp8z3b18a964808.tatsu-column{width: 50%;}.tatsu-fqp8z3b18a964808.tatsu-column > .tatsu-column-inner > .tatsu-column-overlay{mix-blend-mode: none;}.tatsu-fqp8z3b18a964808 > .tatsu-column-inner > .tatsu-top-divider{z-index: 9999;}.tatsu-fqp8z3b18a964808 > .tatsu-column-inner > .tatsu-bottom-divider{z-index: 9999;}.tatsu-fqp8z3b18a964808 > .tatsu-column-inner > .tatsu-left-divider{z-index: 9999;}.tatsu-fqp8z3b18a964808 > .tatsu-column-inner > .tatsu-right-divider{z-index: 9999;}@media only screen and (max-width: 767px) {.tatsu-row > .tatsu-fqp8z3b18a964808.tatsu-column{width: 100%;}}<\/style><\/div><div  class=\"tatsu-column  tatsu-column-no-bg tatsu-one-half tatsu-column-image-none tatsu-column-effect-none  tatsu-fqp8z3b1jg2c2zb9\"  data-parallax-speed=\"0\" style=\"\"><div class=\"tatsu-column-inner \" ><div class=\"tatsu-column-pad-wrap\"><div class=\"tatsu-column-pad\" ><div  class=\"tatsu-module tatsu-inline-text clearfix tatsu-fqp8z3b1v42rku   \" ><style>.tatsu-fqp8z3b1v42rku .tatsu-inline-text-inner{width: 100%;text-align: left;}<\/style><div class=\"tatsu-inline-text-inner tatsu-align-center\">\n<h4><span style=\"color: #000000; font-size: 30px;\">Contacta amb nosaltres<\/span><\/h4>\n<p><span style=\"color: #000000;\">Si vols rebre m\u00e9s informaci\u00f3 o fer-nos alguna consulta no dubtis a contactar amb nosaltres a trav\u00e9s d&#8217;info@enigest.com<\/span><\/p>\n<\/div><\/div><div  class=\"tatsu-module tatsu-inline-text clearfix tatsu-fqp8z3b1y36vi3fs   \" ><style>.tatsu-fqp8z3b1y36vi3fs .tatsu-inline-text-inner{width: 100%;text-align: left;}<\/style><div class=\"tatsu-inline-text-inner tatsu-align-center\">\n<p>En el cas de voler compartir el teu talent i formar part del nostre equip pots enviar-nos el teu CV a <a href=\"enigest@enigest.com\" target=\"_blank\" rel=\"noopener noreferrer\">info@enigest.com<\/a><\/p>\n<\/div><\/div><div  class=\"tatsu-module tatsu-text-block-wrap tatsu-BJ43t40bI  \"><div class=\"tatsu-text-inner tatsu-align-center  clearfix\" ><style>.tatsu-BJ43t40bI.tatsu-text-block-wrap .tatsu-text-inner{width: 100%;text-align: left;}<\/style>\n<div class=\"wpcf7 no-js\" id=\"wpcf7-f3652-o1\" lang=\"es-ES\" dir=\"ltr\" data-wpcf7-id=\"3652\">\n<div class=\"screen-reader-response\"><p role=\"status\" aria-live=\"polite\" aria-atomic=\"true\"><\/p> <ul><\/ul><\/div>\n<form action=\"\/ca\/wp-json\/wp\/v2\/pages\/3207#wpcf7-f3652-o1\" method=\"post\" class=\"wpcf7-form init\" aria-label=\"Formulario de contacto\" novalidate=\"novalidate\" data-status=\"init\">\n<fieldset class=\"hidden-fields-container\"><input type=\"hidden\" name=\"_wpcf7\" value=\"3652\" \/><input type=\"hidden\" name=\"_wpcf7_version\" value=\"6.1.5\" \/><input type=\"hidden\" name=\"_wpcf7_locale\" value=\"es_ES\" \/><input type=\"hidden\" name=\"_wpcf7_unit_tag\" value=\"wpcf7-f3652-o1\" \/><input type=\"hidden\" name=\"_wpcf7_container_post\" value=\"0\" \/><input type=\"hidden\" name=\"_wpcf7_posted_data_hash\" value=\"\" \/>\n<\/fieldset>\n<p><label><span class=\"wpcf7-form-control-wrap\" data-name=\"your-name\"><input size=\"40\" maxlength=\"400\" class=\"wpcf7-form-control wpcf7-text wpcf7-validates-as-required\" aria-required=\"true\" aria-invalid=\"false\" placeholder=\"Nom\" value=\"\" type=\"text\" name=\"your-name\" \/><\/span><\/label>\n<\/p>\n<p><label><span class=\"wpcf7-form-control-wrap\" data-name=\"your-email\"><input size=\"40\" maxlength=\"400\" class=\"wpcf7-form-control wpcf7-email wpcf7-validates-as-required wpcf7-text wpcf7-validates-as-email\" aria-required=\"true\" aria-invalid=\"false\" placeholder=\"Email\" value=\"\" type=\"email\" name=\"your-email\" \/><\/span><\/label>\n<\/p>\n<p><label><span id=\"wpcf7-69eb6ccd21070-wrapper\" class=\"wpcf7-form-control-wrap your-website-wrap\" style=\"display:none !important; visibility:hidden !important;\"><label for=\"wpcf7-69eb6ccd21070-field\" class=\"hp-message\">Por favor, deja este campo vac\u00edo.<\/label><input id=\"wpcf7-69eb6ccd21070-field\"  class=\"wpcf7-form-control wpcf7-text\" type=\"text\" name=\"your-website\" value=\"\" size=\"40\" tabindex=\"-1\" autocomplete=\"new-password\" \/><\/span><\/label>\n<\/p>\n<p><label><span class=\"wpcf7-form-control-wrap\" data-name=\"your-subject\"><input size=\"40\" maxlength=\"400\" class=\"wpcf7-form-control wpcf7-text\" aria-invalid=\"false\" placeholder=\"Assumpte\" value=\"\" type=\"text\" name=\"your-subject\" \/><\/span><\/label>\n<\/p>\n<p><label><span class=\"wpcf7-form-control-wrap\" data-name=\"your-message\"><textarea cols=\"40\" rows=\"10\" maxlength=\"2000\" class=\"wpcf7-form-control wpcf7-textarea\" aria-invalid=\"false\" placeholder=\"Missatge\" name=\"your-message\"><\/textarea><\/span> <\/label>\n<\/p>\n<p><span class=\"wpcf7-form-control-wrap\" data-name=\"acceptance-210\"><span class=\"wpcf7-form-control wpcf7-acceptance\"><span class=\"wpcf7-list-item\"><input type=\"checkbox\" name=\"acceptance-210\" value=\"1\" aria-invalid=\"false\" \/><\/span><\/span><\/span> Accepto la pol\u00edtica de privacitat\n<\/p>\n<p><input class=\"wpcf7-form-control wpcf7-submit has-spinner\" type=\"submit\" value=\"ENVIAR\" \/>\n<\/p><div class=\"wpcf7-response-output\" aria-hidden=\"true\"><\/div>\n<\/form>\n<\/div>\n<br \/>\n<\/div><\/div><div class=\"tatsu-module tatsu-gmap-wrapper be-gdpr-consent-message  tatsu-fqp8z3b1snc33no5  \"  style=\"background-position:center;background-size:cover;background-image:url(data:image\/png;base64,VGhlIEdvb2dsZSBNYXBzIFBsYXRmb3JtIHNlcnZlciByZWplY3RlZCB5b3VyIHJlcXVlc3QuIFlvdSBtdXN0IHVzZSBhbiBBUEkga2V5IHRvIGF1dGhlbnRpY2F0ZSBlYWNoIHJlcXVlc3QgdG8gR29vZ2xlIE1hcHMgUGxhdGZvcm0gQVBJcy4gRm9yIGFkZGl0aW9uYWwgaW5mb3JtYXRpb24sIHBsZWFzZSByZWZlciB0byBodHRwOi8vZy5jby9kZXYvbWFwcy1uby1hY2NvdW50);\" >  \n\t\t\t<style>.tatsu-fqp8z3b1snc33no5{height: 400px;}<\/style>\n\t\t\t<div class=\"static-map-overlay\">\n\t\t\t<div class=\"static-map-content\">Your consent is required to display this content from google maps - <a href=\"#gdpr-popup\" class=\"mfp-popup white-popup privacy-settings\" data-type=\"HTML\" >Privacy Settings<\/a> <\/div>\n\t\t\t<\/div>\n\t\t\t<\/div><\/div><\/div><div class = \"tatsu-column-bg-image-wrap\"><div class = \"tatsu-column-bg-image\" ><\/div><\/div><\/div><style>.tatsu-row > .tatsu-fqp8z3b1jg2c2zb9.tatsu-column{width: 50%;}.tatsu-fqp8z3b1jg2c2zb9.tatsu-column > .tatsu-column-inner > .tatsu-column-overlay{mix-blend-mode: none;}.tatsu-fqp8z3b1jg2c2zb9 > .tatsu-column-inner > .tatsu-top-divider{z-index: 9999;}.tatsu-fqp8z3b1jg2c2zb9 > .tatsu-column-inner > .tatsu-bottom-divider{z-index: 9999;}.tatsu-fqp8z3b1jg2c2zb9 > .tatsu-column-inner > .tatsu-left-divider{z-index: 9999;}.tatsu-fqp8z3b1jg2c2zb9 > .tatsu-column-inner > .tatsu-right-divider{z-index: 9999;}@media only screen and (max-width: 767px) {.tatsu-row > .tatsu-fqp8z3b1jg2c2zb9.tatsu-column{width: 100%;}}<\/style><\/div><\/div><\/div><\/div><div class=\"tatsu-section-background-wrap\"><div class = \"tatsu-section-background\" ><\/div><\/div><style>.tatsu-fqp8z3b17heiu40 .tatsu-section-pad{padding: 130px 0px 90px 0px;}.tatsu-fqp8z3b17heiu40 > .tatsu-bottom-divider{z-index: 9999;}.tatsu-fqp8z3b17heiu40 > .tatsu-top-divider{z-index: 9999;}<\/style><\/div>\n","protected":false},"excerpt":{"rendered":"<p><a href=\"https:\/\/enigest.com\/ca\/contacte\/\" class=\"more-link style2-button\">Read More<\/a><\/p>","protected":false},"author":3,"featured_media":0,"parent":0,"menu_order":0,"comment_status":"closed","ping_status":"closed","template":"","meta":{"footnotes":""},"class_list":["post-3207","page","type-page","status-publish","hentry"],"_links":{"self":[{"href":"https:\/\/enigest.com\/ca\/wp-json\/wp\/v2\/pages\/3207","targetHints":{"allow":["GET"]}}],"collection":[{"href":"https:\/\/enigest.com\/ca\/wp-json\/wp\/v2\/pages"}],"about":[{"href":"https:\/\/enigest.com\/ca\/wp-json\/wp\/v2\/types\/page"}],"author":[{"embeddable":true,"href":"https:\/\/enigest.com\/ca\/wp-json\/wp\/v2\/users\/3"}],"replies":[{"embeddable":true,"href":"https:\/\/enigest.com\/ca\/wp-json\/wp\/v2\/comments?post=3207"}],"version-history":[{"count":19,"href":"https:\/\/enigest.com\/ca\/wp-json\/wp\/v2\/pages\/3207\/revisions"}],"predecessor-version":[{"id":4260,"href":"https:\/\/enigest.com\/ca\/wp-json\/wp\/v2\/pages\/3207\/revisions\/4260"}],"wp:attachment":[{"href":"https:\/\/enigest.com\/ca\/wp-json\/wp\/v2\/media?parent=3207"}],"curies":[{"name":"wp","href":"https:\/\/api.w.org\/{rel}","templated":true}]}}